{"id":5853,"date":"2024-09-24T12:32:02","date_gmt":"2024-09-24T12:32:02","guid":{"rendered":"https:\/\/shop.destofzuigerkoning.nl\/index.php\/product\/numatic-charles\/"},"modified":"2025-10-30T11:54:50","modified_gmt":"2025-10-30T11:54:50","slug":"numatic-charles","status":"publish","type":"product","link":"https:\/\/destofzuigerkoning.nl\/index.php\/product\/numatic-charles\/","title":{"rendered":"Numatic Charles"},"content":{"rendered":"<p>Charles is een stofzuiger die zich op een droge of natte ondergrond even goed thuis voelt. De Twinflo\u2019-motor is krachtig en stil en kent een garantie van 2 jaar. De buizen zijn lichtgewicht aluminium en zullen nooit roesten. Bij de machine worden accessoires geleverd zoals onder meer twee zuigmonden, \u00e9\u00e9n voor natte vloeren en \u00e9\u00e9n combinatiezuigmond voor tapijten en harde vloeren. Charles kan met of zonder vrolijk gezicht gebruikt worden.<\/p>\n<p>\u2022 Vermogen 1050 Watt<br \/>\n\u2022 2 Jaar motor garantie<br \/>\n\u2022 Super stil, geluidsniveau slechts 72-74 dB<br \/>\n\u2022 Ketelinhoud stofopname 15 liter (stofzak NVM-2BH)<br \/>\nKetelinhoud wateropname 9 liter<br \/>\n\u2022 10 m snoer<br \/>\n\u2022 3D face, Click-on\/ Click-off<br \/>\n\u2022 Compleet accessoires kit A21A<br \/>\n\u2022 Full color verpakking<\/p>\n","protected":false},"excerpt":{"rendered":"<p>CVC370<\/p>\n","protected":false},"featured_media":12551,"comment_status":"open","ping_status":"closed","template":"","meta":{"_acf_changed":false},"product_brand":[8090],"product_cat":[8272],"product_tag":[],"class_list":{"0":"post-5853","1":"product","2":"type-product","3":"status-publish","4":"has-post-thumbnail","6":"product_brand-numatic","7":"product_cat-stofzuigers-numatic","9":"first","10":"instock","11":"shipping-taxable","12":"purchasable","13":"product-type-simple","14":"add-to-wishlist-after_add_to_cart"},"acf":[],"yoast_head":"<!-- This site is optimized with the Yoast SEO plugin v25.9 - https:\/\/yoast.com\/wordpress\/plugins\/seo\/ -->\n<title>Numatic Charles - De Stofzuigerkoning<\/title>\n<meta name=\"robots\" content=\"index, follow, max-snippet:-1, max-image-preview:large, max-video-preview:-1\" \/>\n<link rel=\"canonical\" href=\"https:\/\/destofzuigerkoning.nl\/index.php\/product\/numatic-charles\/\" \/>\n<meta property=\"og:locale\" content=\"nl_NL\" \/>\n<meta property=\"og:type\" content=\"article\" \/>\n<meta property=\"og:title\" content=\"Numatic Charles - De Stofzuigerkoning\" \/>\n<meta property=\"og:description\" content=\"CVC370\" \/>\n<meta property=\"og:url\" content=\"https:\/\/destofzuigerkoning.nl\/index.php\/product\/numatic-charles\/\" \/>\n<meta property=\"og:site_name\" content=\"De Stofzuigerkoning\" \/>\n<meta property=\"article:modified_time\" content=\"2025-10-30T11:54:50+00:00\" \/>\n<meta property=\"og:image\" content=\"https:\/\/destofzuigerkoning.nl\/wp-content\/uploads\/2024\/09\/4._charles_cvc370_with_kit_.webp\" \/>\n\t<meta property=\"og:image:width\" content=\"800\" \/>\n\t<meta property=\"og:image:height\" content=\"800\" \/>\n\t<meta property=\"og:image:type\" content=\"image\/webp\" \/>\n<meta name=\"twitter:card\" content=\"summary_large_image\" \/>\n<meta name=\"twitter:label1\" content=\"Geschatte leestijd\" \/>\n\t<meta name=\"twitter:data1\" content=\"1 minuut\" \/>\n<script type=\"application\/ld+json\" class=\"yoast-schema-graph\">{\"@context\":\"https:\/\/schema.org\",\"@graph\":[{\"@type\":\"WebPage\",\"@id\":\"https:\/\/destofzuigerkoning.nl\/index.php\/product\/numatic-charles\/\",\"url\":\"https:\/\/destofzuigerkoning.nl\/index.php\/product\/numatic-charles\/\",\"name\":\"Numatic Charles - De Stofzuigerkoning\",\"isPartOf\":{\"@id\":\"https:\/\/destofzuigerkoning.nl\/#website\"},\"primaryImageOfPage\":{\"@id\":\"https:\/\/destofzuigerkoning.nl\/index.php\/product\/numatic-charles\/#primaryimage\"},\"image\":{\"@id\":\"https:\/\/destofzuigerkoning.nl\/index.php\/product\/numatic-charles\/#primaryimage\"},\"thumbnailUrl\":\"https:\/\/destofzuigerkoning.nl\/wp-content\/uploads\/2024\/09\/4._charles_cvc370_with_kit_.webp\",\"datePublished\":\"2024-09-24T12:32:02+00:00\",\"dateModified\":\"2025-10-30T11:54:50+00:00\",\"breadcrumb\":{\"@id\":\"https:\/\/destofzuigerkoning.nl\/index.php\/product\/numatic-charles\/#breadcrumb\"},\"inLanguage\":\"nl-NL\",\"potentialAction\":[{\"@type\":\"ReadAction\",\"target\":[\"https:\/\/destofzuigerkoning.nl\/index.php\/product\/numatic-charles\/\"]}]},{\"@type\":\"ImageObject\",\"inLanguage\":\"nl-NL\",\"@id\":\"https:\/\/destofzuigerkoning.nl\/index.php\/product\/numatic-charles\/#primaryimage\",\"url\":\"https:\/\/destofzuigerkoning.nl\/wp-content\/uploads\/2024\/09\/4._charles_cvc370_with_kit_.webp\",\"contentUrl\":\"https:\/\/destofzuigerkoning.nl\/wp-content\/uploads\/2024\/09\/4._charles_cvc370_with_kit_.webp\",\"width\":800,\"height\":800},{\"@type\":\"BreadcrumbList\",\"@id\":\"https:\/\/destofzuigerkoning.nl\/index.php\/product\/numatic-charles\/#breadcrumb\",\"itemListElement\":[{\"@type\":\"ListItem\",\"position\":1,\"name\":\"Home\",\"item\":\"https:\/\/destofzuigerkoning.nl\/\"},{\"@type\":\"ListItem\",\"position\":2,\"name\":\"Shop\",\"item\":\"https:\/\/destofzuigerkoning.nl\/index.php\/shop\/\"},{\"@type\":\"ListItem\",\"position\":3,\"name\":\"Numatic Charles\"}]},{\"@type\":\"WebSite\",\"@id\":\"https:\/\/destofzuigerkoning.nl\/#website\",\"url\":\"https:\/\/destofzuigerkoning.nl\/\",\"name\":\"De Stofzuigerkoning\",\"description\":\"Unieke producten voor de laagste prijs - uit voorraad leverbaar - supersnel in huis\",\"publisher\":{\"@id\":\"https:\/\/destofzuigerkoning.nl\/#organization\"},\"potentialAction\":[{\"@type\":\"SearchAction\",\"target\":{\"@type\":\"EntryPoint\",\"urlTemplate\":\"https:\/\/destofzuigerkoning.nl\/?s={search_term_string}\"},\"query-input\":{\"@type\":\"PropertyValueSpecification\",\"valueRequired\":true,\"valueName\":\"search_term_string\"}}],\"inLanguage\":\"nl-NL\"},{\"@type\":\"Organization\",\"@id\":\"https:\/\/destofzuigerkoning.nl\/#organization\",\"name\":\"De Stofzuigerkoning\",\"url\":\"https:\/\/destofzuigerkoning.nl\/\",\"logo\":{\"@type\":\"ImageObject\",\"inLanguage\":\"nl-NL\",\"@id\":\"https:\/\/destofzuigerkoning.nl\/#\/schema\/logo\/image\/\",\"url\":\"https:\/\/destofzuigerkoning.nl\/wp-content\/uploads\/2025\/03\/cropped-stozuigerkoning_FINAL_FINAL.png\",\"contentUrl\":\"https:\/\/destofzuigerkoning.nl\/wp-content\/uploads\/2025\/03\/cropped-stozuigerkoning_FINAL_FINAL.png\",\"width\":500,\"height\":571,\"caption\":\"De Stofzuigerkoning\"},\"image\":{\"@id\":\"https:\/\/destofzuigerkoning.nl\/#\/schema\/logo\/image\/\"}}]}<\/script>\n<!-- \/ Yoast SEO plugin. -->","yoast_head_json":{"title":"Numatic Charles - De Stofzuigerkoning","robots":{"index":"index","follow":"follow","max-snippet":"max-snippet:-1","max-image-preview":"max-image-preview:large","max-video-preview":"max-video-preview:-1"},"canonical":"https:\/\/destofzuigerkoning.nl\/index.php\/product\/numatic-charles\/","og_locale":"nl_NL","og_type":"article","og_title":"Numatic Charles - De Stofzuigerkoning","og_description":"CVC370","og_url":"https:\/\/destofzuigerkoning.nl\/index.php\/product\/numatic-charles\/","og_site_name":"De Stofzuigerkoning","article_modified_time":"2025-10-30T11:54:50+00:00","og_image":[{"width":800,"height":800,"url":"https:\/\/destofzuigerkoning.nl\/wp-content\/uploads\/2024\/09\/4._charles_cvc370_with_kit_.webp","type":"image\/webp"}],"twitter_card":"summary_large_image","twitter_misc":{"Geschatte leestijd":"1 minuut"},"schema":{"@context":"https:\/\/schema.org","@graph":[{"@type":"WebPage","@id":"https:\/\/destofzuigerkoning.nl\/index.php\/product\/numatic-charles\/","url":"https:\/\/destofzuigerkoning.nl\/index.php\/product\/numatic-charles\/","name":"Numatic Charles - De Stofzuigerkoning","isPartOf":{"@id":"https:\/\/destofzuigerkoning.nl\/#website"},"primaryImageOfPage":{"@id":"https:\/\/destofzuigerkoning.nl\/index.php\/product\/numatic-charles\/#primaryimage"},"image":{"@id":"https:\/\/destofzuigerkoning.nl\/index.php\/product\/numatic-charles\/#primaryimage"},"thumbnailUrl":"https:\/\/destofzuigerkoning.nl\/wp-content\/uploads\/2024\/09\/4._charles_cvc370_with_kit_.webp","datePublished":"2024-09-24T12:32:02+00:00","dateModified":"2025-10-30T11:54:50+00:00","breadcrumb":{"@id":"https:\/\/destofzuigerkoning.nl\/index.php\/product\/numatic-charles\/#breadcrumb"},"inLanguage":"nl-NL","potentialAction":[{"@type":"ReadAction","target":["https:\/\/destofzuigerkoning.nl\/index.php\/product\/numatic-charles\/"]}]},{"@type":"ImageObject","inLanguage":"nl-NL","@id":"https:\/\/destofzuigerkoning.nl\/index.php\/product\/numatic-charles\/#primaryimage","url":"https:\/\/destofzuigerkoning.nl\/wp-content\/uploads\/2024\/09\/4._charles_cvc370_with_kit_.webp","contentUrl":"https:\/\/destofzuigerkoning.nl\/wp-content\/uploads\/2024\/09\/4._charles_cvc370_with_kit_.webp","width":800,"height":800},{"@type":"BreadcrumbList","@id":"https:\/\/destofzuigerkoning.nl\/index.php\/product\/numatic-charles\/#breadcrumb","itemListElement":[{"@type":"ListItem","position":1,"name":"Home","item":"https:\/\/destofzuigerkoning.nl\/"},{"@type":"ListItem","position":2,"name":"Shop","item":"https:\/\/destofzuigerkoning.nl\/index.php\/shop\/"},{"@type":"ListItem","position":3,"name":"Numatic Charles"}]},{"@type":"WebSite","@id":"https:\/\/destofzuigerkoning.nl\/#website","url":"https:\/\/destofzuigerkoning.nl\/","name":"De Stofzuigerkoning","description":"Unieke producten voor de laagste prijs - uit voorraad leverbaar - supersnel in huis","publisher":{"@id":"https:\/\/destofzuigerkoning.nl\/#organization"},"potentialAction":[{"@type":"SearchAction","target":{"@type":"EntryPoint","urlTemplate":"https:\/\/destofzuigerkoning.nl\/?s={search_term_string}"},"query-input":{"@type":"PropertyValueSpecification","valueRequired":true,"valueName":"search_term_string"}}],"inLanguage":"nl-NL"},{"@type":"Organization","@id":"https:\/\/destofzuigerkoning.nl\/#organization","name":"De Stofzuigerkoning","url":"https:\/\/destofzuigerkoning.nl\/","logo":{"@type":"ImageObject","inLanguage":"nl-NL","@id":"https:\/\/destofzuigerkoning.nl\/#\/schema\/logo\/image\/","url":"https:\/\/destofzuigerkoning.nl\/wp-content\/uploads\/2025\/03\/cropped-stozuigerkoning_FINAL_FINAL.png","contentUrl":"https:\/\/destofzuigerkoning.nl\/wp-content\/uploads\/2025\/03\/cropped-stozuigerkoning_FINAL_FINAL.png","width":500,"height":571,"caption":"De Stofzuigerkoning"},"image":{"@id":"https:\/\/destofzuigerkoning.nl\/#\/schema\/logo\/image\/"}}]}},"_links":{"self":[{"href":"https:\/\/destofzuigerkoning.nl\/index.php\/wp-json\/wp\/v2\/product\/5853","targetHints":{"allow":["GET"]}}],"collection":[{"href":"https:\/\/destofzuigerkoning.nl\/index.php\/wp-json\/wp\/v2\/product"}],"about":[{"href":"https:\/\/destofzuigerkoning.nl\/index.php\/wp-json\/wp\/v2\/types\/product"}],"replies":[{"embeddable":true,"href":"https:\/\/destofzuigerkoning.nl\/index.php\/wp-json\/wp\/v2\/comments?post=5853"}],"wp:featuredmedia":[{"embeddable":true,"href":"https:\/\/destofzuigerkoning.nl\/index.php\/wp-json\/wp\/v2\/media\/12551"}],"wp:attachment":[{"href":"https:\/\/destofzuigerkoning.nl\/index.php\/wp-json\/wp\/v2\/media?parent=5853"}],"wp:term":[{"taxonomy":"product_brand","embeddable":true,"href":"https:\/\/destofzuigerkoning.nl\/index.php\/wp-json\/wp\/v2\/product_brand?post=5853"},{"taxonomy":"product_cat","embeddable":true,"href":"https:\/\/destofzuigerkoning.nl\/index.php\/wp-json\/wp\/v2\/product_cat?post=5853"},{"taxonomy":"product_tag","embeddable":true,"href":"https:\/\/destofzuigerkoning.nl\/index.php\/wp-json\/wp\/v2\/product_tag?post=5853"}],"curies":[{"name":"wp","href":"https:\/\/api.w.org\/{rel}","templated":true}]}}